{"id":77,"date":"2021-01-11T01:20:02","date_gmt":"2021-01-11T01:20:02","guid":{"rendered":"http:\/\/sapencoec.es\/?page_id=77"},"modified":"2021-01-11T20:42:16","modified_gmt":"2021-01-11T20:42:16","slug":"diseno-web","status":"publish","type":"page","link":"https:\/\/sapencoec.es\/index.php\/diseno-web\/","title":{"rendered":"Dise\u00f1o Web"},"content":{"rendered":"\n<div class=\"wp-block-media-text alignwide is-stacked-on-mobile\"><figure class=\"wp-block-media-text__media\"><img loading=\"lazy\" decoding=\"async\" width=\"684\" height=\"1024\" src=\"http:\/\/sapencoec.es\/wp-content\/uploads\/2021\/01\/Opencaracol1024x791254-684x1024.png\" alt=\"\" class=\"wp-image-121 size-full\" srcset=\"https:\/\/sapencoec.es\/wp-content\/uploads\/2021\/01\/Opencaracol1024x791254-684x1024.png 684w, https:\/\/sapencoec.es\/wp-content\/uploads\/2021\/01\/Opencaracol1024x791254-200x300.png 200w, https:\/\/sapencoec.es\/wp-content\/uploads\/2021\/01\/Opencaracol1024x791254-768x1150.png 768w, https:\/\/sapencoec.es\/wp-content\/uploads\/2021\/01\/Opencaracol1024x791254.png 841w\" sizes=\"auto, (max-width: 684px) 100vw, 684px\" \/><\/figure><div class=\"wp-block-media-text__content\">\n<h2 class=\"wp-block-heading\">Dise\u00f1o Paginas Web y e-commerce<\/h2>\n\n\n\n<p>En pleno Siglo XXI tener presencia en el ciber espacio puede ser la razon de exito de un negocio.<\/p>\n\n\n\n<p>Ya sea como plataforma de informaci\u00f3n y reserva, como venta online. Una pagina web conecta el negocio mas peque\u00f1o con el cliente mas selecto y que no entiende de distancia f\u00edsica, solo entiende de \u201cOferta y Demanda\u201d.<\/p>\n\n\n\n<p><br><br><br><\/p>\n\n\n\n<p><strong>Ventajas:<\/strong><br><\/p>\n\n\n\n<p><\/p>\n\n\n\n<p><br><br><\/p>\n\n\n\n<div class=\"wp-block-columns is-layout-flex wp-container-core-columns-is-layout-9d6595d7 wp-block-columns-is-layout-flex\">\n<div class=\"wp-block-column is-layout-flow wp-block-column-is-layout-flow\">\n<ul class=\"wp-block-list\" id=\"block-5c6437d8-9680-4fe8-a1b4-5086c566983d\"><li>Alcance global<\/li><li>Abierto las 24h<\/li><li>Mayor Informaci\u00f3n<\/li><\/ul>\n<\/div>\n\n\n\n<div class=\"wp-block-column is-layout-flow wp-block-column-is-layout-flow\">\n<ul class=\"wp-block-list\"><li>Mayores ofertas<\/li><li>Costos m\u00e1s bajos<\/li><li>Acceso a variedad<\/li><\/ul>\n<\/div>\n<\/div>\n\n\n\n<p><br><\/p>\n\n\n\n<div class=\"wp-block-button aligncenter\"><a class=\"wp-block-button__link\" href=\"http:\/\/sapencoec.es\/index.php\/contacto\/\">Contacto<\/a><\/div>\n<\/div><\/div>\n","protected":false},"excerpt":{"rendered":"","protected":false},"author":1,"featured_media":0,"parent":0,"menu_order":0,"comment_status":"closed","ping_status":"closed","template":"","meta":{"footnotes":""},"class_list":["post-77","page","type-page","status-publish","hentry"],"jetpack_sharing_enabled":true,"_links":{"self":[{"href":"https:\/\/sapencoec.es\/index.php\/wp-json\/wp\/v2\/pages\/77","targetHints":{"allow":["GET"]}}],"collection":[{"href":"https:\/\/sapencoec.es\/index.php\/wp-json\/wp\/v2\/pages"}],"about":[{"href":"https:\/\/sapencoec.es\/index.php\/wp-json\/wp\/v2\/types\/page"}],"author":[{"embeddable":true,"href":"https:\/\/sapencoec.es\/index.php\/wp-json\/wp\/v2\/users\/1"}],"replies":[{"embeddable":true,"href":"https:\/\/sapencoec.es\/index.php\/wp-json\/wp\/v2\/comments?post=77"}],"version-history":[{"count":6,"href":"https:\/\/sapencoec.es\/index.php\/wp-json\/wp\/v2\/pages\/77\/revisions"}],"predecessor-version":[{"id":125,"href":"https:\/\/sapencoec.es\/index.php\/wp-json\/wp\/v2\/pages\/77\/revisions\/125"}],"wp:attachment":[{"href":"https:\/\/sapencoec.es\/index.php\/wp-json\/wp\/v2\/media?parent=77"}],"curies":[{"name":"wp","href":"https:\/\/api.w.org\/{rel}","templated":true}]}}