{"id":71,"date":"2021-01-11T01:17:53","date_gmt":"2021-01-11T01:17:53","guid":{"rendered":"http:\/\/sapencoec.es\/?page_id=71"},"modified":"2021-01-11T20:24:47","modified_gmt":"2021-01-11T20:24:47","slug":"marketing","status":"publish","type":"page","link":"https:\/\/sapencoec.es\/index.php\/marketing\/","title":{"rendered":"Marketing"},"content":{"rendered":"\n<div class=\"wp-block-media-text alignwide is-stacked-on-mobile\"><figure class=\"wp-block-media-text__media\"><img loading=\"lazy\" decoding=\"async\" width=\"684\" height=\"1024\" src=\"http:\/\/sapencoec.es\/wp-content\/uploads\/2021\/01\/Opencaracol1024x791yjigh-684x1024.png\" alt=\"\" class=\"wp-image-112 size-full\" srcset=\"https:\/\/sapencoec.es\/wp-content\/uploads\/2021\/01\/Opencaracol1024x791yjigh-684x1024.png 684w, https:\/\/sapencoec.es\/wp-content\/uploads\/2021\/01\/Opencaracol1024x791yjigh-200x300.png 200w, https:\/\/sapencoec.es\/wp-content\/uploads\/2021\/01\/Opencaracol1024x791yjigh-768x1150.png 768w, https:\/\/sapencoec.es\/wp-content\/uploads\/2021\/01\/Opencaracol1024x791yjigh.png 841w\" sizes=\"auto, (max-width: 684px) 100vw, 684px\" \/><\/figure><div class=\"wp-block-media-text__content\">\n<p>En las campa\u00f1as de publicitarias, la tecnolog\u00eda de gesti\u00f3n de publicidad hace posible ofrecer el anuncio adecuado en el momento correcto a la persona indicada. Es en este punto donde entran en juego las nuevas estrategias del marketing sumado a las nuevas tecnolog\u00edas.<br><br><br><\/p>\n\n\n\n<p><strong>Ventajas:<\/strong><br><\/p>\n\n\n\n<p><\/p>\n\n\n\n<p><br><br><\/p>\n\n\n\n<div class=\"wp-block-columns is-layout-flex wp-container-core-columns-is-layout-9d6595d7 wp-block-columns-is-layout-flex\">\n<div class=\"wp-block-column is-layout-flow wp-block-column-is-layout-flow\">\n<ul class=\"wp-block-list\" id=\"block-5c6437d8-9680-4fe8-a1b4-5086c566983d\"><li>Alcance global<\/li><li>Actividad las 24h<\/li><li>Distribuci\u00f3n accesible<\/li><\/ul>\n<\/div>\n\n\n\n<div class=\"wp-block-column is-layout-flow wp-block-column-is-layout-flow\">\n<ul class=\"wp-block-list\"><li>Publicidad directa<\/li><li>Coste m\u00e1s barato<\/li><li>Gran variedad de acceso<\/li><\/ul>\n<\/div>\n<\/div>\n\n\n\n<p><br><\/p>\n\n\n\n<div class=\"wp-block-button aligncenter\"><a class=\"wp-block-button__link\" href=\"http:\/\/sapencoec.es\/index.php\/contacto\/\">Contacto<\/a><\/div>\n<\/div><\/div>\n","protected":false},"excerpt":{"rendered":"","protected":false},"author":1,"featured_media":0,"parent":0,"menu_order":0,"comment_status":"closed","ping_status":"closed","template":"","meta":{"footnotes":""},"class_list":["post-71","page","type-page","status-publish","hentry"],"jetpack_sharing_enabled":true,"_links":{"self":[{"href":"https:\/\/sapencoec.es\/index.php\/wp-json\/wp\/v2\/pages\/71","targetHints":{"allow":["GET"]}}],"collection":[{"href":"https:\/\/sapencoec.es\/index.php\/wp-json\/wp\/v2\/pages"}],"about":[{"href":"https:\/\/sapencoec.es\/index.php\/wp-json\/wp\/v2\/types\/page"}],"author":[{"embeddable":true,"href":"https:\/\/sapencoec.es\/index.php\/wp-json\/wp\/v2\/users\/1"}],"replies":[{"embeddable":true,"href":"https:\/\/sapencoec.es\/index.php\/wp-json\/wp\/v2\/comments?post=71"}],"version-history":[{"count":5,"href":"https:\/\/sapencoec.es\/index.php\/wp-json\/wp\/v2\/pages\/71\/revisions"}],"predecessor-version":[{"id":115,"href":"https:\/\/sapencoec.es\/index.php\/wp-json\/wp\/v2\/pages\/71\/revisions\/115"}],"wp:attachment":[{"href":"https:\/\/sapencoec.es\/index.php\/wp-json\/wp\/v2\/media?parent=71"}],"curies":[{"name":"wp","href":"https:\/\/api.w.org\/{rel}","templated":true}]}}