{"id":68,"date":"2021-01-11T01:16:50","date_gmt":"2021-01-11T01:16:50","guid":{"rendered":"http:\/\/sapencoec.es\/?page_id=68"},"modified":"2021-01-11T16:25:45","modified_gmt":"2021-01-11T16:25:45","slug":"diseno-grafico","status":"publish","type":"page","link":"https:\/\/sapencoec.es\/index.php\/diseno-grafico\/","title":{"rendered":"Dise\u00f1o Grafico"},"content":{"rendered":"\n<div class=\"wp-block-media-text alignwide is-stacked-on-mobile\"><figure class=\"wp-block-media-text__media\"><img loading=\"lazy\" decoding=\"async\" width=\"684\" height=\"1024\" src=\"http:\/\/sapencoec.es\/wp-content\/uploads\/2021\/01\/Opencaracol1024x791hjgh-684x1024.png\" alt=\"\" class=\"wp-image-100 size-full\" srcset=\"https:\/\/sapencoec.es\/wp-content\/uploads\/2021\/01\/Opencaracol1024x791hjgh-684x1024.png 684w, https:\/\/sapencoec.es\/wp-content\/uploads\/2021\/01\/Opencaracol1024x791hjgh-200x300.png 200w, https:\/\/sapencoec.es\/wp-content\/uploads\/2021\/01\/Opencaracol1024x791hjgh-768x1150.png 768w, https:\/\/sapencoec.es\/wp-content\/uploads\/2021\/01\/Opencaracol1024x791hjgh.png 841w\" sizes=\"auto, (max-width: 684px) 100vw, 684px\" \/><\/figure><div class=\"wp-block-media-text__content\">\n<p>Uno de los mayores errores que cometen es obviar el peso de la marca. Es muy fundamental que su empresa ofrezca una visi\u00f3n coherente de marca y eso solo puede ofrecerlo un Dise\u00f1ador Gr\u00e1fico.<br><br><br><\/p>\n\n\n\n<p><strong>Ventajas:<\/strong><br><\/p>\n\n\n\n<p><\/p>\n\n\n\n<p><br><br><\/p>\n\n\n\n<div class=\"wp-block-columns is-layout-flex wp-container-core-columns-is-layout-9d6595d7 wp-block-columns-is-layout-flex\">\n<div class=\"wp-block-column is-layout-flow wp-block-column-is-layout-flow\">\n<ul class=\"wp-block-list\" id=\"block-5c6437d8-9680-4fe8-a1b4-5086c566983d\"><li>Alcance global<\/li><li>Abierto las 24h<\/li><li>Mayor Informaci\u00f3n<\/li><\/ul>\n<\/div>\n\n\n\n<div class=\"wp-block-column is-layout-flow wp-block-column-is-layout-flow\">\n<ul class=\"wp-block-list\" id=\"block-2e0adb36-c498-461c-9277-274b9f322b76\"><li>Mayores ofertas<\/li><li>Costos m\u00e1s bajos<\/li><li>Acceso a variedad<\/li><\/ul>\n<\/div>\n<\/div>\n\n\n\n<p><br><\/p>\n\n\n\n<div class=\"wp-block-button aligncenter\"><a class=\"wp-block-button__link\" href=\"http:\/\/sapencoec.es\/index.php\/contacto\/\">Contacto<\/a><\/div>\n<\/div><\/div>\n","protected":false},"excerpt":{"rendered":"","protected":false},"author":1,"featured_media":0,"parent":0,"menu_order":0,"comment_status":"closed","ping_status":"closed","template":"","meta":{"footnotes":""},"class_list":["post-68","page","type-page","status-publish","hentry"],"jetpack_sharing_enabled":true,"_links":{"self":[{"href":"https:\/\/sapencoec.es\/index.php\/wp-json\/wp\/v2\/pages\/68","targetHints":{"allow":["GET"]}}],"collection":[{"href":"https:\/\/sapencoec.es\/index.php\/wp-json\/wp\/v2\/pages"}],"about":[{"href":"https:\/\/sapencoec.es\/index.php\/wp-json\/wp\/v2\/types\/page"}],"author":[{"embeddable":true,"href":"https:\/\/sapencoec.es\/index.php\/wp-json\/wp\/v2\/users\/1"}],"replies":[{"embeddable":true,"href":"https:\/\/sapencoec.es\/index.php\/wp-json\/wp\/v2\/comments?post=68"}],"version-history":[{"count":10,"href":"https:\/\/sapencoec.es\/index.php\/wp-json\/wp\/v2\/pages\/68\/revisions"}],"predecessor-version":[{"id":110,"href":"https:\/\/sapencoec.es\/index.php\/wp-json\/wp\/v2\/pages\/68\/revisions\/110"}],"wp:attachment":[{"href":"https:\/\/sapencoec.es\/index.php\/wp-json\/wp\/v2\/media?parent=68"}],"curies":[{"name":"wp","href":"https:\/\/api.w.org\/{rel}","templated":true}]}}