{"id":65,"date":"2021-01-11T01:15:52","date_gmt":"2021-01-11T01:15:52","guid":{"rendered":"http:\/\/sapencoec.es\/?page_id=65"},"modified":"2021-01-11T15:42:17","modified_gmt":"2021-01-11T15:42:17","slug":"foto-video","status":"publish","type":"page","link":"https:\/\/sapencoec.es\/index.php\/foto-video\/","title":{"rendered":"Foto &#038; Video"},"content":{"rendered":"\n<p class=\"has-text-align-left\">Ofrecemos una variedad de servicios para ayudarte a conseguir los resultados que buscas. \u00bfNo tienes claro qu\u00e9 necesitas o cu\u00e1nto cuesta? Te diremos qu\u00e9 servicios te pueden venir bien y te daremos m\u00e1s informaci\u00f3n sobre nuestras tarifas. Ponte en contacto con nosotros a continuaci\u00f3n.<\/p>\n\n\n\n<div style=\"height:32px\" aria-hidden=\"true\" class=\"wp-block-spacer desktop-only\"><\/div>\n\n\n\n<div class=\"wp-block-columns alignwide has-3-columns is-layout-flex wp-container-core-columns-is-layout-9d6595d7 wp-block-columns-is-layout-flex\">\n<div class=\"wp-block-column is-layout-flow wp-block-column-is-layout-flow\">\n<div class=\"wp-block-image\"><figure class=\"aligncenter size-large\"><img loading=\"lazy\" decoding=\"async\" width=\"640\" height=\"640\" src=\"http:\/\/sapencoec.es\/wp-content\/uploads\/2021\/01\/work-731198_9h0_72058.png\" alt=\"\" class=\"wp-image-86\" srcset=\"https:\/\/sapencoec.es\/wp-content\/uploads\/2021\/01\/work-731198_9h0_72058.png 640w, https:\/\/sapencoec.es\/wp-content\/uploads\/2021\/01\/work-731198_9h0_72058-300x300.png 300w, https:\/\/sapencoec.es\/wp-content\/uploads\/2021\/01\/work-731198_9h0_72058-150x150.png 150w\" sizes=\"auto, (max-width: 640px) 100vw, 640px\" \/><\/figure><\/div>\n\n\n\n<h3 class=\"has-text-align-left wp-block-heading\">Fotografia de Producto<\/h3>\n\n\n\n<p class=\"has-small-font-size\">Sesion fotografica de producto y gastronomia<\/p>\n<\/div>\n\n\n\n<div class=\"wp-block-column is-layout-flow wp-block-column-is-layout-flow\">\n<div class=\"wp-block-image\"><figure class=\"aligncenter size-large\"><img loading=\"lazy\" decoding=\"async\" width=\"640\" height=\"640\" src=\"http:\/\/sapencoec.es\/wp-content\/uploads\/2021\/01\/work-731198_9h0_5820.png\" alt=\"\" class=\"wp-image-87\" srcset=\"https:\/\/sapencoec.es\/wp-content\/uploads\/2021\/01\/work-731198_9h0_5820.png 640w, https:\/\/sapencoec.es\/wp-content\/uploads\/2021\/01\/work-731198_9h0_5820-300x300.png 300w, https:\/\/sapencoec.es\/wp-content\/uploads\/2021\/01\/work-731198_9h0_5820-150x150.png 150w\" sizes=\"auto, (max-width: 640px) 100vw, 640px\" \/><\/figure><\/div>\n\n\n\n<h3 class=\"has-text-align-left wp-block-heading\">Fotografia de Equipos<\/h3>\n\n\n\n<p class=\"has-small-font-size\">Sesion fotografica del equipo de la empresa<\/p>\n<\/div>\n\n\n\n<div class=\"wp-block-column is-layout-flow wp-block-column-is-layout-flow\">\n<div class=\"wp-block-image\"><figure class=\"aligncenter size-large\"><img loading=\"lazy\" decoding=\"async\" width=\"640\" height=\"640\" src=\"http:\/\/sapencoec.es\/wp-content\/uploads\/2021\/01\/work-731198_9h0_720585.png\" alt=\"\" class=\"wp-image-88\" srcset=\"https:\/\/sapencoec.es\/wp-content\/uploads\/2021\/01\/work-731198_9h0_720585.png 640w, https:\/\/sapencoec.es\/wp-content\/uploads\/2021\/01\/work-731198_9h0_720585-300x300.png 300w, https:\/\/sapencoec.es\/wp-content\/uploads\/2021\/01\/work-731198_9h0_720585-150x150.png 150w\" sizes=\"auto, (max-width: 640px) 100vw, 640px\" \/><\/figure><\/div>\n\n\n\n<h2 class=\"has-text-align-left wp-block-heading\">Pack Foto<\/h2>\n\n\n\n<p class=\"has-small-font-size\">Pack que cuenta con fotografia de producto y de equipo.<\/p>\n<\/div>\n<\/div>\n\n\n\n<div style=\"height:32px\" aria-hidden=\"true\" class=\"wp-block-spacer desktop-only\"><\/div>\n\n\n\n<div class=\"wp-block-columns alignwide has-3-columns is-layout-flex wp-container-core-columns-is-layout-9d6595d7 wp-block-columns-is-layout-flex\">\n<div class=\"wp-block-column is-layout-flow wp-block-column-is-layout-flow\">\n<div class=\"wp-block-image\"><figure class=\"aligncenter size-large\"><img loading=\"lazy\" decoding=\"async\" width=\"640\" height=\"640\" src=\"http:\/\/sapencoec.es\/wp-content\/uploads\/2021\/01\/work-731198_9h0_720547.png\" alt=\"\" class=\"wp-image-89\" srcset=\"https:\/\/sapencoec.es\/wp-content\/uploads\/2021\/01\/work-731198_9h0_720547.png 640w, https:\/\/sapencoec.es\/wp-content\/uploads\/2021\/01\/work-731198_9h0_720547-300x300.png 300w, https:\/\/sapencoec.es\/wp-content\/uploads\/2021\/01\/work-731198_9h0_720547-150x150.png 150w\" sizes=\"auto, (max-width: 640px) 100vw, 640px\" \/><\/figure><\/div>\n\n\n\n<h3 class=\"has-text-align-left wp-block-heading\">Video Corporativo<\/h3>\n\n\n\n<p class=\"has-small-font-size\">Video de su empresa o evento, entrevistas,etc.<\/p>\n<\/div>\n\n\n\n<div class=\"wp-block-column is-layout-flow wp-block-column-is-layout-flow\">\n<div class=\"wp-block-image\"><figure class=\"aligncenter size-large\"><img loading=\"lazy\" decoding=\"async\" width=\"640\" height=\"640\" src=\"http:\/\/sapencoec.es\/wp-content\/uploads\/2021\/01\/work-731198_9h0_7205858.png\" alt=\"\" class=\"wp-image-90\" srcset=\"https:\/\/sapencoec.es\/wp-content\/uploads\/2021\/01\/work-731198_9h0_7205858.png 640w, https:\/\/sapencoec.es\/wp-content\/uploads\/2021\/01\/work-731198_9h0_7205858-300x300.png 300w, https:\/\/sapencoec.es\/wp-content\/uploads\/2021\/01\/work-731198_9h0_7205858-150x150.png 150w\" sizes=\"auto, (max-width: 640px) 100vw, 640px\" \/><\/figure><\/div>\n\n\n\n<h3 class=\"has-text-align-left wp-block-heading\">Video social media<\/h3>\n\n\n\n<p class=\"has-small-font-size\">Videos para redes sociales (Verticales y Horizontales).<\/p>\n<\/div>\n\n\n\n<div class=\"wp-block-column is-layout-flow wp-block-column-is-layout-flow\">\n<div class=\"wp-block-image\"><figure class=\"aligncenter size-large\"><img loading=\"lazy\" decoding=\"async\" width=\"640\" height=\"640\" src=\"http:\/\/sapencoec.es\/wp-content\/uploads\/2021\/01\/work-731198_9h0_7205826.png\" alt=\"\" class=\"wp-image-91\" srcset=\"https:\/\/sapencoec.es\/wp-content\/uploads\/2021\/01\/work-731198_9h0_7205826.png 640w, https:\/\/sapencoec.es\/wp-content\/uploads\/2021\/01\/work-731198_9h0_7205826-300x300.png 300w, https:\/\/sapencoec.es\/wp-content\/uploads\/2021\/01\/work-731198_9h0_7205826-150x150.png 150w\" sizes=\"auto, (max-width: 640px) 100vw, 640px\" \/><\/figure><\/div>\n\n\n\n<h2 class=\"has-text-align-left wp-block-heading\">Pack Video<\/h2>\n\n\n\n<p class=\"has-small-font-size\">Pack que cuenta con videos corporativos y socialmedia.<\/p>\n<\/div>\n<\/div>\n\n\n\n<div style=\"height:32px\" aria-hidden=\"true\" class=\"wp-block-spacer desktop-only\"><\/div>\n\n\n\n<div class=\"wp-block-columns alignwide has-3-columns is-layout-flex wp-container-core-columns-is-layout-9d6595d7 wp-block-columns-is-layout-flex\">\n<div class=\"wp-block-column is-layout-flow wp-block-column-is-layout-flow\">\n<h3 class=\"has-text-align-left wp-block-heading\"><\/h3>\n\n\n\n<p class=\"has-small-font-size\"><\/p>\n<\/div>\n\n\n\n<div class=\"wp-block-column is-layout-flow wp-block-column-is-layout-flow\">\n<div class=\"wp-block-image\"><figure class=\"aligncenter size-large\"><img loading=\"lazy\" decoding=\"async\" width=\"640\" height=\"640\" src=\"http:\/\/sapencoec.es\/wp-content\/uploads\/2021\/01\/work-731198_9h0_720585258.png\" alt=\"\" class=\"wp-image-92\" srcset=\"https:\/\/sapencoec.es\/wp-content\/uploads\/2021\/01\/work-731198_9h0_720585258.png 640w, https:\/\/sapencoec.es\/wp-content\/uploads\/2021\/01\/work-731198_9h0_720585258-300x300.png 300w, https:\/\/sapencoec.es\/wp-content\/uploads\/2021\/01\/work-731198_9h0_720585258-150x150.png 150w\" sizes=\"auto, (max-width: 640px) 100vw, 640px\" \/><\/figure><\/div>\n\n\n\n<h3 class=\"has-text-align-left wp-block-heading\">Pack Foto\/Video<\/h3>\n\n\n\n<p class=\"has-small-font-size\">Pack que unifica los servicios de video y fotografia.<\/p>\n<\/div>\n\n\n\n<div class=\"wp-block-column is-layout-flow wp-block-column-is-layout-flow\">\n<h2 class=\"has-text-align-left wp-block-heading\"><\/h2>\n\n\n\n<p class=\"has-small-font-size\"><\/p>\n<\/div>\n<\/div>\n\n\n\n<div style=\"height:32px\" aria-hidden=\"true\" class=\"wp-block-spacer desktop-only\"><\/div>\n\n\n\n<hr class=\"wp-block-separator is-style-wide\"\/>\n\n\n\n<div style=\"height:32px\" aria-hidden=\"true\" class=\"wp-block-spacer desktop-only\"><\/div>\n\n\n\n<hr class=\"wp-block-separator is-style-wide\"\/>\n\n\n\n<div style=\"height:32px\" aria-hidden=\"true\" class=\"wp-block-spacer desktop-only\"><\/div>\n\n\n\n<h2 class=\"has-text-align-center wp-block-heading\">Construyamos algo juntos, hablemos.<\/h2>\n\n\n\n<div class=\"wp-block-button aligncenter\"><a class=\"wp-block-button__link\" href=\"#\">Ponte en contacto<\/a><\/div>\n\n\n\n<div style=\"height:32px\" aria-hidden=\"true\" class=\"wp-block-spacer desktop-only\"><\/div>\n\n\n\n<hr class=\"wp-block-separator is-style-wide\"\/>\n","protected":false},"excerpt":{"rendered":"<p>Ofrecemos una variedad de servicios para ayudarte a conseguir los resultados que buscas. \u00bfNo tienes claro qu\u00e9 necesitas o cu\u00e1nto cuesta? Te diremos qu\u00e9 servicios te pueden venir bien y te daremos m\u00e1s informaci\u00f3n sobre nuestras tarifas. Ponte en contacto con nosotros a continuaci\u00f3n. Fotografia de Producto Sesion fotografica de producto y gastronomia Fotografia de [&hellip;]<\/p>\n","protected":false},"author":1,"featured_media":0,"parent":0,"menu_order":0,"comment_status":"closed","ping_status":"closed","template":"","meta":{"footnotes":""},"class_list":["post-65","page","type-page","status-publish","hentry"],"jetpack_sharing_enabled":true,"_links":{"self":[{"href":"https:\/\/sapencoec.es\/index.php\/wp-json\/wp\/v2\/pages\/65","targetHints":{"allow":["GET"]}}],"collection":[{"href":"https:\/\/sapencoec.es\/index.php\/wp-json\/wp\/v2\/pages"}],"about":[{"href":"https:\/\/sapencoec.es\/index.php\/wp-json\/wp\/v2\/types\/page"}],"author":[{"embeddable":true,"href":"https:\/\/sapencoec.es\/index.php\/wp-json\/wp\/v2\/users\/1"}],"replies":[{"embeddable":true,"href":"https:\/\/sapencoec.es\/index.php\/wp-json\/wp\/v2\/comments?post=65"}],"version-history":[{"count":3,"href":"https:\/\/sapencoec.es\/index.php\/wp-json\/wp\/v2\/pages\/65\/revisions"}],"predecessor-version":[{"id":93,"href":"https:\/\/sapencoec.es\/index.php\/wp-json\/wp\/v2\/pages\/65\/revisions\/93"}],"wp:attachment":[{"href":"https:\/\/sapencoec.es\/index.php\/wp-json\/wp\/v2\/media?parent=65"}],"curies":[{"name":"wp","href":"https:\/\/api.w.org\/{rel}","templated":true}]}}